{"id":1292,"date":"2024-03-17T22:07:35","date_gmt":"2024-03-17T22:07:35","guid":{"rendered":"https:\/\/leadership.best.rs\/?page_id=1292"},"modified":"2024-04-03T19:28:25","modified_gmt":"2024-04-03T19:28:25","slug":"sign-up","status":"publish","type":"page","link":"https:\/\/leadership.best.rs\/sr\/sign-up\/","title":{"rendered":"Sign up"},"content":{"rendered":"<div data-elementor-type=\"wp-page\" data-elementor-id=\"1292\" class=\"elementor elementor-1292\">\n\t\t\t\t<div class=\"elementor-element elementor-element-4b3e9c7 e-flex e-con-boxed e-con e-parent\" data-id=\"4b3e9c7\" data-element_type=\"container\" data-settings=\"{&quot;background_background&quot;:&quot;classic&quot;,&quot;shape_divider_bottom&quot;:&quot;curve&quot;}\">\n\t\t\t\t\t<div class=\"e-con-inner\">\n\t\t\t\t<div class=\"elementor-shape elementor-shape-bottom\" data-negative=\"false\">\n\t\t\t<svg xmlns=\"http:\/\/www.w3.org\/2000\/svg\" viewbox=\"0 0 1000 100\" preserveaspectratio=\"none\">\n    <path class=\"elementor-shape-fill\" d=\"M1000,4.3V0H0v4.3C0.9,23.1,126.7,99.2,500,100S1000,22.7,1000,4.3z\"\/>\n<\/svg>\t\t<\/div>\n\t\t<div class=\"elementor-element elementor-element-d09b182 e-flex e-con-boxed e-con e-child\" data-id=\"d09b182\" data-element_type=\"container\">\n\t\t\t\t\t<div class=\"e-con-inner\">\n\t\t\t\t\t<\/div>\n\t\t\t\t<\/div>\n\t\t\t\t<div class=\"elementor-element elementor-element-0a1995c elementor-widget elementor-widget-heading\" data-id=\"0a1995c\" data-element_type=\"widget\" data-widget_type=\"heading.default\">\n\t\t\t\t<div class=\"elementor-widget-container\">\n\t\t\t<style>\/*! elementor - v3.22.0 - 17-06-2024 *\/\n.elementor-heading-title{padding:0;margin:0;line-height:1}.elementor-widget-heading .elementor-heading-title[class*=elementor-size-]>a{color:inherit;font-size:inherit;line-height:inherit}.elementor-widget-heading .elementor-heading-title.elementor-size-small{font-size:15px}.elementor-widget-heading .elementor-heading-title.elementor-size-medium{font-size:19px}.elementor-widget-heading .elementor-heading-title.elementor-size-large{font-size:29px}.elementor-widget-heading .elementor-heading-title.elementor-size-xl{font-size:39px}.elementor-widget-heading .elementor-heading-title.elementor-size-xxl{font-size:59px}<\/style><h2 class=\"elementor-heading-title elementor-size-default\">PRIJAVI SE<\/h2>\t\t<\/div>\n\t\t\t\t<\/div>\n\t\t\t\t\t<\/div>\n\t\t\t\t<\/div>\n\t\t<div class=\"elementor-element elementor-element-f464563 e-flex e-con-boxed e-con e-parent\" data-id=\"f464563\" data-element_type=\"container\" data-settings=\"{&quot;background_background&quot;:&quot;classic&quot;}\">\n\t\t\t\t\t<div class=\"e-con-inner\">\n\t\t\t\t<div class=\"elementor-element elementor-element-072b7f7 elementor-widget elementor-widget-heading\" data-id=\"072b7f7\" data-element_type=\"widget\" data-widget_type=\"heading.default\">\n\t\t\t\t<div class=\"elementor-widget-container\">\n\t\t\t<h2 class=\"elementor-heading-title elementor-size-default\">SIGN UP IS OVER<\/h2>\t\t<\/div>\n\t\t\t\t<\/div>\n\t\t\t\t\t<\/div>\n\t\t\t\t<\/div>\n\t\t<div class=\"elementor-element elementor-element-a5511ed elementor-hidden-desktop elementor-hidden-tablet elementor-hidden-mobile e-flex e-con-boxed e-con e-parent\" data-id=\"a5511ed\" data-element_type=\"container\" data-settings=\"{&quot;background_background&quot;:&quot;classic&quot;}\">\n\t\t\t\t\t<div class=\"e-con-inner\">\n\t\t\t\t<div class=\"elementor-element elementor-element-5a1df9e eael-contact-form-7-button-align-left eael-contact-form-7-button-custom elementor-widget elementor-widget-eael-contact-form-7\" data-id=\"5a1df9e\" data-element_type=\"widget\" data-widget_type=\"eael-contact-form-7.default\">\n\t\t\t\t<div class=\"elementor-widget-container\">\n\t\t\t<div class=\"eael-contact-form-7-wrapper\">\n                <div class=\"eael-contact-form eael-contact-form-7 eael-contact-form-5a1df9e placeholder-show eael-contact-form-align-default\">\n<div class=\"wpcf7 no-js\" id=\"wpcf7-f1291-o1\" lang=\"en\" dir=\"ltr\">\n<div class=\"screen-reader-response\"><p role=\"status\" aria-live=\"polite\" aria-atomic=\"true\"><\/p> <ul><\/ul><\/div>\n<form action=\"\/sr\/wp-json\/wp\/v2\/pages\/1292#wpcf7-f1291-o1\" method=\"post\" class=\"wpcf7-form init\" aria-label=\"Contact form\" enctype=\"multipart\/form-data\" novalidate=\"novalidate\" data-status=\"init\" data-trp-original-action=\"\/sr\/wp-json\/wp\/v2\/pages\/1292#wpcf7-f1291-o1\">\n<div style=\"display: none;\">\n<input type=\"hidden\" name=\"_wpcf7\" value=\"1291\" \/>\n<input type=\"hidden\" name=\"_wpcf7_version\" value=\"5.9.6\" \/>\n<input type=\"hidden\" name=\"_wpcf7_locale\" value=\"en\" \/>\n<input type=\"hidden\" name=\"_wpcf7_unit_tag\" value=\"wpcf7-f1291-o1\" \/>\n<input type=\"hidden\" name=\"_wpcf7_container_post\" value=\"0\" \/>\n<input type=\"hidden\" name=\"_wpcf7_posted_data_hash\" value=\"\" \/>\n<input type=\"hidden\" name=\"_wpcf7cf_hidden_group_fields\" value=\"[]\" \/>\n<input type=\"hidden\" name=\"_wpcf7cf_hidden_groups\" value=\"[]\" \/>\n<input type=\"hidden\" name=\"_wpcf7cf_visible_groups\" value=\"[]\" \/>\n<input type=\"hidden\" name=\"_wpcf7cf_repeaters\" value=\"[]\" \/>\n<input type=\"hidden\" name=\"_wpcf7cf_steps\" value=\"{}\" \/>\n<input type=\"hidden\" name=\"_wpcf7cf_options\" value=\"{&quot;form_id&quot;:1291,&quot;conditions&quot;:[{&quot;then_field&quot;:&quot;group-polje&quot;,&quot;and_rules&quot;:[{&quot;if_field&quot;:&quot;polje&quot;,&quot;operator&quot;:&quot;equals&quot;,&quot;if_value&quot;:&quot;Other...&quot;}]},{&quot;then_field&quot;:&quot;group-stepen&quot;,&quot;and_rules&quot;:[{&quot;if_field&quot;:&quot;stepen&quot;,&quot;operator&quot;:&quot;equals&quot;,&quot;if_value&quot;:&quot;Other...&quot;}]}],&quot;settings&quot;:{&quot;animation&quot;:&quot;yes&quot;,&quot;animation_intime&quot;:200,&quot;animation_outtime&quot;:200,&quot;conditions_ui&quot;:&quot;normal&quot;,&quot;notice_dismissed&quot;:false,&quot;notice_dismissed_rollback-cf7-5.9.2&quot;:true}}\" \/>\n<input type=\"hidden\" name=\"_wpcf7_recaptcha_response\" value=\"\" \/>\n<\/div>\n<p><span class=\"wpcf7-form-control-wrap\" data-name=\"radio-default\"><span class=\"wpcf7-form-control wpcf7-radio\"><span class=\"wpcf7-list-item first last\"><input type=\"radio\" name=\"radio-default\" value=\"Privacy Policy - By agreeing, I consent to the sharing of the provided information between BEST International, LBG Belgrade, and participating companies of BCD\" checked=\"checked\" \/><span class=\"wpcf7-list-item-label\">Privacy Policy - By agreeing, I consent to the sharing of the provided information between BEST International, LBG Belgrade, and participating companies of BCD<\/span><\/span><\/span><\/span>\n<\/p>\n<fieldset style=\"border-color: #E6A532; border-width:1px;\">\n\t<p><label>\n\t\t\t<as style=\"color: #014656;\" <\/as> Ime Prezime (Name and Surname)\n\t\t\t<\/as><\/label>\n\t<\/p>\n\t<p><span class=\"wpcf7-form-control-wrap\" data-name=\"ime\"><input size=\"40\" maxlength=\"80\" class=\"wpcf7-form-control wpcf7-text wpcf7-validates-as-required\" aria-required=\"true\" aria-invalid=\"false\" value=\"\" type=\"text\" name=\"ime\" \/><\/span>\n\t<\/p>\n\t<p><label>\n\t\t\t<as style=\"color: #014656;\"<\/as> Email\n\t\t\t<\/as><\/label>\n\t<\/p>\n\t<p><span class=\"wpcf7-form-control-wrap\" data-name=\"mejl\"><input size=\"40\" maxlength=\"80\" class=\"wpcf7-form-control wpcf7-email wpcf7-validates-as-required wpcf7-text wpcf7-validates-as-email\" aria-required=\"true\" aria-invalid=\"false\" value=\"\" type=\"email\" name=\"mejl\" \/><\/span>\n\t<\/p>\n\t<p><label>\n\t\t\t<as style=\"color: #014656;\" <\/as> Kontakt telefon (Telephone number)\n\t\t\t<\/as><\/label>\n\t<\/p>\n\t<p><span class=\"wpcf7-form-control-wrap\" data-name=\"telefon\"><input size=\"40\" maxlength=\"80\" class=\"wpcf7-form-control wpcf7-tel wpcf7-validates-as-required wpcf7-text wpcf7-validates-as-tel\" aria-required=\"true\" aria-invalid=\"false\" value=\"\" type=\"tel\" name=\"telefon\" \/><\/span>\n\t<\/p>\n\t<p><label>\n\t\t\t<as style=\"color: #014656;\";<\/as> Stepen studije (Degree of Studies)\n <span class=\"wpcf7-form-control-wrap\" data-name=\"stepen\"><select class=\"wpcf7-form-control wpcf7-select wpcf7-validates-as-required form-control\" aria-required=\"true\" aria-invalid=\"false\" name=\"stepen\"><option value=\"\">\u2014\u041c\u043e\u043b\u0438\u043c\u043e \u0432\u0430\u0441 \u0438\u0437\u0430\u0431\u0435\u0440\u0438\u0442\u0435 \u043e\u043f\u0446\u0438\u0458\u0443\u2014<\/option><option value=\"Osnovne Akademske Studije ( Bachelors Degree)\">Osnovne Akademske Studije ( Bachelors Degree)<\/option><option value=\"Master Specijalisti\u010dke studije (Masters Degree)\">Master Specijalisti\u010dke studije (Masters Degree)<\/option><option value=\"Other...\">Other...<\/option><\/select><\/span>\n\t\t\t<\/as><\/label>\n\t<\/p>\n\t<div data-id=\"group-stepen\" data-orig_data_id=\"group-stepen\"  data-class=\"wpcf7cf_group\">\n\t\t<p><label>Other<\/label>\n\t\t<\/p>\n\t\t<p><span class=\"wpcf7-form-control-wrap\" data-name=\"other-stepen\"><input size=\"40\" maxlength=\"80\" class=\"wpcf7-form-control wpcf7-text wpcf7-validates-as-required\" aria-required=\"true\" aria-invalid=\"false\" value=\"\" type=\"text\" name=\"other-stepen\" \/><\/span>\n\t\t<\/p>\n\t<\/div>\n\t<p>&nbsp;\n\t<\/p>\n\t<p><label>\n\t\t\t<as style=\"color: #014656;\" <\/as> Da li si student Univerziteta u Beogradu? (Are you a student of the University of Belgrade)\n<span class=\"wpcf7-form-control-wrap\" data-name=\"studentBg\"><select class=\"wpcf7-form-control wpcf7-select wpcf7-validates-as-required\" aria-required=\"true\" aria-invalid=\"false\" name=\"studentBg\"><option value=\"\">\u2014\u041c\u043e\u043b\u0438\u043c\u043e \u0432\u0430\u0441 \u0438\u0437\u0430\u0431\u0435\u0440\u0438\u0442\u0435 \u043e\u043f\u0446\u0438\u0458\u0443\u2014<\/option><option value=\"Da(Yes)\">Da(Yes)<\/option><option value=\"Ne(No)\">Ne(No)<\/option><\/select><\/span>\n\t\t\t<\/as><\/label>\n\t<\/p>\n\t<p><label>\n\t\t\t<as style=\"color: #014656;\" <\/as> Fakultet (Faculty)\n\t\t\t<\/as><\/label>\n\t<\/p>\n\t<p><span class=\"wpcf7-form-control-wrap\" data-name=\"fakultet\"><input size=\"40\" maxlength=\"80\" class=\"wpcf7-form-control wpcf7-text wpcf7-validates-as-required\" aria-required=\"true\" aria-invalid=\"false\" value=\"\" type=\"text\" name=\"fakultet\" \/><\/span>\n\t<\/p>\n\t<p><label>\n\t\t\t<as style=\"color: #014656;\"<\/as> Polje studija (Field of studies)\n\t\t\t<\/as><\/label>\n\t<\/p>\n\t<p><span class=\"wpcf7-form-control-wrap\" data-name=\"polje\"><span class=\"wpcf7-form-control wpcf7-checkbox wpcf7-validates-as-required form-control\"><span class=\"wpcf7-list-item first\"><input type=\"checkbox\" name=\"polje[]\" value=\"Ra\u010dunarstvo (Computer Science)\" \/><span class=\"wpcf7-list-item-label\">Ra\u010dunarstvo (Computer Science)<\/span><\/span><span class=\"wpcf7-list-item\"><input type=\"checkbox\" name=\"polje[]\" value=\"Informacione Tehnologije (Information Technology)\" \/><span class=\"wpcf7-list-item-label\">Informacione Tehnologije (Information Technology)<\/span><\/span><span class=\"wpcf7-list-item\"><input type=\"checkbox\" name=\"polje[]\" value=\"Elekrotehnika (Electrical Engineering)\" \/><span class=\"wpcf7-list-item-label\">Elekrotehnika (Electrical Engineering)<\/span><\/span><span class=\"wpcf7-list-item\"><input type=\"checkbox\" name=\"polje[]\" value=\"Ma\u0161instvo (Mechanical Engineering)\" \/><span class=\"wpcf7-list-item-label\">Ma\u0161instvo (Mechanical Engineering)<\/span><\/span><span class=\"wpcf7-list-item\"><input type=\"checkbox\" name=\"polje[]\" value=\"Gra\u0111evinarstvo (Civil Engineering)\" \/><span class=\"wpcf7-list-item-label\">Gra\u0111evinarstvo (Civil Engineering)<\/span><\/span><span class=\"wpcf7-list-item\"><input type=\"checkbox\" name=\"polje[]\" value=\"Softversko In\u017eenjerstvo (Software Engineering)\" \/><span class=\"wpcf7-list-item-label\">Softversko In\u017eenjerstvo (Software Engineering)<\/span><\/span><span class=\"wpcf7-list-item\"><input type=\"checkbox\" name=\"polje[]\" value=\"Biomedicinsko in\u017eenjerstvo (Biomedical Engineering)\" \/><span class=\"wpcf7-list-item-label\">Biomedicinsko in\u017eenjerstvo (Biomedical Engineering)<\/span><\/span><span class=\"wpcf7-list-item\"><input type=\"checkbox\" name=\"polje[]\" value=\"Hemijsko in\u017eenjerstvo (Chemical Engineering)\" \/><span class=\"wpcf7-list-item-label\">Hemijsko in\u017eenjerstvo (Chemical Engineering)<\/span><\/span><span class=\"wpcf7-list-item\"><input type=\"checkbox\" name=\"polje[]\" value=\"Industrijsko In\u017eenjerstvo (Industrial Engineering)\" \/><span class=\"wpcf7-list-item-label\">Industrijsko In\u017eenjerstvo (Industrial Engineering)<\/span><\/span><span class=\"wpcf7-list-item last\"><input type=\"checkbox\" name=\"polje[]\" value=\"Other...\" \/><span class=\"wpcf7-list-item-label\">Other...<\/span><\/span><\/span><\/span>\n\t<\/p>\n\t<div data-id=\"group-polje\" data-orig_data_id=\"group-polje\"  data-class=\"wpcf7cf_group\">\n\t\t<p><label>Other<\/label>\n\t\t<\/p>\n\t\t<p><span class=\"wpcf7-form-control-wrap\" data-name=\"other-polje\"><input size=\"40\" maxlength=\"80\" class=\"wpcf7-form-control wpcf7-text wpcf7-validates-as-required\" aria-required=\"true\" aria-invalid=\"false\" value=\"\" type=\"text\" name=\"other-polje\" \/><\/span>\n\t\t<\/p>\n\t<\/div>\n\t<p>&nbsp;\n\t<\/p>\n\t<p><label>\n\t\t\t<as style=\"color: #014656;\" <\/as> Da li ste trenutno zaposleni? (Are you currently employed?)\n<span class=\"wpcf7-form-control-wrap\" data-name=\"zaposlen\"><select class=\"wpcf7-form-control wpcf7-select wpcf7-validates-as-required\" aria-required=\"true\" aria-invalid=\"false\" name=\"zaposlen\"><option value=\"\">\u2014\u041c\u043e\u043b\u0438\u043c\u043e \u0432\u0430\u0441 \u0438\u0437\u0430\u0431\u0435\u0440\u0438\u0442\u0435 \u043e\u043f\u0446\u0438\u0458\u0443\u2014<\/option><option value=\"Da(Yes)\">Da(Yes)<\/option><option value=\"Ne(No)\">Ne(No)<\/option><\/select><\/span>\n\t\t\t<\/as><\/label>\n\t<\/p>\n\t<p><label>\n\t\t\t<as style=\"color: #014656;\" <\/as> Prijavljujem se za(I am applying for):\nImajte u vidu da se neke od radionica de\u0161avaju uporedo tako da \u0107ete biti blagovremeno obave\u0161teni na koje radionice ste primljeni (Please note that some workshops may occur simultaneously. You will be promptly notified of the workshops for which you have been selected.)\n\t\t\t<\/as><\/label>\n\t<\/p>\n\t<p><span class=\"wpcf7-form-control-wrap\" data-name=\"radionica\"><span class=\"wpcf7-form-control wpcf7-checkbox wpcf7-validates-as-required\"><span class=\"wpcf7-list-item first\"><input type=\"checkbox\" name=\"radionica[]\" value=\"Delivery of a Startup Workshop by Siemens\" \/><span class=\"wpcf7-list-item-label\">Delivery of a Startup Workshop by Siemens<\/span><\/span><span class=\"wpcf7-list-item last\"><input type=\"checkbox\" name=\"radionica[]\" value=\"SkillForge: Professional Growth and Effective Communication by IT Labs\" \/><span class=\"wpcf7-list-item-label\">SkillForge: Professional Growth and Effective Communication by IT Labs<\/span><\/span><\/span><\/span>\n\t<\/p>\n\t<p><label>\n\t\t\t<as style=\"color: #014656;\" <\/as> CV Upload <b>PDF<\/b> format. Max size 6MB.\n\t\t\t<\/as><\/label>\n\t<\/p>\n\t<p><span class=\"wpcf7-form-control-wrap\" data-name=\"cv\"><input size=\"40\" class=\"wpcf7-form-control wpcf7-file wpcf7-validates-as-required\" accept=\".pdf\" aria-required=\"true\" aria-invalid=\"false\" type=\"file\" name=\"cv\" \/><\/span>\n\t<\/p>\n\t<p style=\"font-weight: 600;\">\n\t<\/p>\n<\/fieldset>\n\n<p>&nbsp;\n<\/p>\n<p>&nbsp;\n<\/p>\n<p><input class=\"wpcf7-form-control wpcf7-submit has-spinner\" type=\"submit\" value=\"Submit\" \/>\n<\/p><div class=\"wpcf7-response-output\" aria-hidden=\"true\"><\/div>\n<input type=\"hidden\" name=\"trp-form-language\" value=\"sr\"\/><\/form>\n<\/div>\n<\/div>\n            <\/div>\t\t<\/div>\n\t\t\t\t<\/div>\n\t\t\t\t\t<\/div>\n\t\t\t\t<\/div>\n\t\t<div class=\"elementor-element elementor-element-543b24e e-flex e-con-boxed e-con e-parent\" data-id=\"543b24e\" data-element_type=\"container\" data-settings=\"{&quot;background_background&quot;:&quot;classic&quot;}\">\n\t\t\t\t\t<div class=\"e-con-inner\">\n\t\t\t\t\t<\/div>\n\t\t\t\t<\/div>\n\t\t<div class=\"elementor-element elementor-element-ae8a812 e-flex e-con-boxed e-con e-parent\" data-id=\"ae8a812\" data-element_type=\"container\" data-settings=\"{&quot;background_background&quot;:&quot;classic&quot;}\">\n\t\t\t\t\t<div class=\"e-con-inner\">\n\t\t<div class=\"elementor-element elementor-element-3cf8f0a e-flex e-con-boxed e-con e-child\" data-id=\"3cf8f0a\" data-element_type=\"container\" data-settings=\"{&quot;background_background&quot;:&quot;classic&quot;}\">\n\t\t\t\t\t<div class=\"e-con-inner\">\n\t\t<div class=\"elementor-element elementor-element-a17154e e-flex e-con-boxed e-con e-child\" data-id=\"a17154e\" data-element_type=\"container\" data-settings=\"{&quot;background_background&quot;:&quot;classic&quot;}\">\n\t\t\t\t\t<div class=\"e-con-inner\">\n\t\t<div class=\"elementor-element elementor-element-676d45f e-flex e-con-boxed e-con e-child\" data-id=\"676d45f\" data-element_type=\"container\" data-settings=\"{&quot;background_background&quot;:&quot;classic&quot;}\">\n\t\t\t\t\t<div class=\"e-con-inner\">\n\t\t<div class=\"elementor-element elementor-element-a39556c e-con-full e-flex e-con e-child\" data-id=\"a39556c\" data-element_type=\"container\">\n\t\t<div class=\"elementor-element elementor-element-94534aa e-flex e-con-boxed e-con e-child\" data-id=\"94534aa\" data-element_type=\"container\">\n\t\t\t\t\t<div class=\"e-con-inner\">\n\t\t\t\t<div class=\"elementor-element elementor-element-45789ae elementor-widget__width-initial elementor-widget-mobile__width-initial elementor-view-default elementor-widget elementor-widget-icon\" data-id=\"45789ae\" data-element_type=\"widget\" data-widget_type=\"icon.default\">\n\t\t\t\t<div class=\"elementor-widget-container\">\n\t\t\t\t\t<div class=\"elementor-icon-wrapper\">\n\t\t\t<div class=\"elementor-icon\">\n\t\t\t<svg xmlns=\"http:\/\/www.w3.org\/2000\/svg\" xmlns:xlink=\"http:\/\/www.w3.org\/1999\/xlink\" id=\"Layer_1\" x=\"0px\" y=\"0px\" viewbox=\"0 0 535.64 614.52\" style=\"enable-background:new 0 0 535.64 614.52;\" xml:space=\"preserve\"><style type=\"text\/css\">\t.st0{fill:#004557;stroke:#004557;stroke-width:25;stroke-miterlimit:10;}<\/style><g>\t<path class=\"st0\" d=\"M267.91,563.26c-11.31-13.28-22.12-25.95-32.9-38.64c-39.51-46.55-78.78-93.3-118.55-139.62  c-64.38-75-66.54-181.97-4.86-259.16C164.48,59.69,256.52,34,336.08,63.19c79.16,29.05,131.59,102.06,132.81,186.32  c0.77,53.37-18.36,99.4-53.09,139.74C367.57,445.3,320.09,502,272.28,558.41C271.07,559.84,269.77,561.21,267.91,563.26z   M267.92,537.39c2.09-2.34,3.63-3.99,5.09-5.71c44-51.92,87.98-103.85,131.97-155.77c42.87-50.6,57.81-108.19,40.29-172.44  c-15.62-57.31-52.07-98.27-106.64-121.07c-52.7-22.01-105.73-19.55-156.59,7.14c-44.91,23.57-75.73,60.14-90.2,108.63  c-19.13,64.11-6.44,122.8,36.25,174.32c35.07,42.33,71.02,83.93,106.6,125.84C245.58,511.16,256.51,523.97,267.92,537.39z\"><\/path>\t<path class=\"st0\" d=\"M355.54,246.11c-0.22,48.36-39.72,87.66-87.83,87.39c-48.42-0.27-87.81-39.79-87.53-87.82  c0.28-48.12,40.09-87.76,87.96-87.57C316.19,158.3,355.76,198.14,355.54,246.11z M338.78,246.04c0.07-39.1-31.7-71.03-70.76-71.13  c-39.03-0.1-70.98,31.73-71.08,70.81c-0.1,39.11,31.55,70.88,70.77,71.02C306.82,316.88,338.72,285.15,338.78,246.04z\"><\/path><\/g><\/svg>\t\t\t<\/div>\n\t\t<\/div>\n\t\t\t\t<\/div>\n\t\t\t\t<\/div>\n\t\t\t\t<div class=\"elementor-element elementor-element-4b36fd3 elementor-widget elementor-widget-heading\" data-id=\"4b36fd3\" data-element_type=\"widget\" data-widget_type=\"heading.default\">\n\t\t\t\t<div class=\"elementor-widget-container\">\n\t\t\t<h2 class=\"elementor-heading-title elementor-size-default\">Karnegijeva 4, 11 000 \n<br>Beograd<\/h2>\t\t<\/div>\n\t\t\t\t<\/div>\n\t\t\t\t\t<\/div>\n\t\t\t\t<\/div>\n\t\t<div class=\"elementor-element elementor-element-66c19ed e-flex e-con-boxed e-con e-child\" data-id=\"66c19ed\" data-element_type=\"container\">\n\t\t\t\t\t<div class=\"e-con-inner\">\n\t\t\t\t<div class=\"elementor-element elementor-element-46183cd elementor-widget__width-initial elementor-view-default elementor-widget elementor-widget-icon\" data-id=\"46183cd\" data-element_type=\"widget\" data-widget_type=\"icon.default\">\n\t\t\t\t<div class=\"elementor-widget-container\">\n\t\t\t\t\t<div class=\"elementor-icon-wrapper\">\n\t\t\t<div class=\"elementor-icon\">\n\t\t\t<i aria-hidden=\"true\" class=\"fas fa-phone-alt\"><\/i>\t\t\t<\/div>\n\t\t<\/div>\n\t\t\t\t<\/div>\n\t\t\t\t<\/div>\n\t\t\t\t<div class=\"elementor-element elementor-element-510a9ce elementor-widget elementor-widget-heading\" data-id=\"510a9ce\" data-element_type=\"widget\" data-widget_type=\"heading.default\">\n\t\t\t\t<div class=\"elementor-widget-container\">\n\t\t\t<h2 class=\"elementor-heading-title elementor-size-default\">+381 11 3370 545<\/h2>\t\t<\/div>\n\t\t\t\t<\/div>\n\t\t\t\t\t<\/div>\n\t\t\t\t<\/div>\n\t\t<div class=\"elementor-element elementor-element-840c352 e-flex e-con-boxed e-con e-child\" data-id=\"840c352\" data-element_type=\"container\">\n\t\t\t\t\t<div class=\"e-con-inner\">\n\t\t\t\t<div class=\"elementor-element elementor-element-c0176c2 elementor-widget__width-initial elementor-view-default elementor-widget elementor-widget-icon\" data-id=\"c0176c2\" data-element_type=\"widget\" data-widget_type=\"icon.default\">\n\t\t\t\t<div class=\"elementor-widget-container\">\n\t\t\t\t\t<div class=\"elementor-icon-wrapper\">\n\t\t\t<div class=\"elementor-icon\">\n\t\t\t<i aria-hidden=\"true\" class=\"far fa-envelope\"><\/i>\t\t\t<\/div>\n\t\t<\/div>\n\t\t\t\t<\/div>\n\t\t\t\t<\/div>\n\t\t\t\t<div class=\"elementor-element elementor-element-cbea6b1 elementor-widget elementor-widget-heading\" data-id=\"cbea6b1\" data-element_type=\"widget\" data-widget_type=\"heading.default\">\n\t\t\t\t<div class=\"elementor-widget-container\">\n\t\t\t<h2 class=\"elementor-heading-title elementor-size-default\">beograd@best-eu.org<\/h2>\t\t<\/div>\n\t\t\t\t<\/div>\n\t\t\t\t\t<\/div>\n\t\t\t\t<\/div>\n\t\t\t\t<\/div>\n\t\t<div class=\"elementor-element elementor-element-40420e9 e-con-full e-flex e-con e-child\" data-id=\"40420e9\" data-element_type=\"container\" data-settings=\"{&quot;background_background&quot;:&quot;classic&quot;}\">\n\t\t\t\t<div class=\"elementor-element elementor-element-f7426ef elementor-widget elementor-widget-image\" data-id=\"f7426ef\" data-element_type=\"widget\" data-widget_type=\"image.default\">\n\t\t\t\t<div class=\"elementor-widget-container\">\n\t\t\t<style>\/*! elementor - v3.22.0 - 17-06-2024 *\/\n.elementor-widget-image{text-align:center}.elementor-widget-image a{display:inline-block}.elementor-widget-image a img[src$=\".svg\"]{width:48px}.elementor-widget-image img{vertical-align:middle;display:inline-block}<\/style>\t\t\t\t\t\t\t\t\t\t<img fetchpriority=\"high\" decoding=\"async\" width=\"804\" height=\"185\" src=\"https:\/\/leadership.best.rs\/wp-content\/uploads\/2023\/10\/pinas-3.svg\" class=\"attachment-ocean-thumb-l size-ocean-thumb-l wp-image-151\" alt=\"\" \/>\t\t\t\t\t\t\t\t\t\t\t\t\t<\/div>\n\t\t\t\t<\/div>\n\t\t\t\t<\/div>\n\t\t<div class=\"elementor-element elementor-element-b016000 e-con-full e-flex e-con e-child\" data-id=\"b016000\" data-element_type=\"container\">\n\t\t\t\t<div class=\"elementor-element elementor-element-7020e46 elementor-widget__width-initial elementor-widget-mobile__width-initial elementor-view-default elementor-widget elementor-widget-icon\" data-id=\"7020e46\" data-element_type=\"widget\" data-widget_type=\"icon.default\">\n\t\t\t\t<div class=\"elementor-widget-container\">\n\t\t\t\t\t<div class=\"elementor-icon-wrapper\">\n\t\t\t<a class=\"elementor-icon\" href=\"https:\/\/www.facebook.com\/best.beograd?locale=sr_RS\" target=\"_blank\">\n\t\t\t<i aria-hidden=\"true\" class=\"fab fa-facebook-f\"><\/i>\t\t\t<\/a>\n\t\t<\/div>\n\t\t\t\t<\/div>\n\t\t\t\t<\/div>\n\t\t\t\t<div class=\"elementor-element elementor-element-25c6d3c elementor-widget__width-initial elementor-widget-mobile__width-initial elementor-view-default elementor-widget elementor-widget-icon\" data-id=\"25c6d3c\" data-element_type=\"widget\" data-widget_type=\"icon.default\">\n\t\t\t\t<div class=\"elementor-widget-container\">\n\t\t\t\t\t<div class=\"elementor-icon-wrapper\">\n\t\t\t<a class=\"elementor-icon\" href=\"https:\/\/www.instagram.com\/best_belgrade\/\" target=\"_blank\">\n\t\t\t<i aria-hidden=\"true\" class=\"fab fa-instagram\"><\/i>\t\t\t<\/a>\n\t\t<\/div>\n\t\t\t\t<\/div>\n\t\t\t\t<\/div>\n\t\t\t\t<div class=\"elementor-element elementor-element-71912e4 elementor-widget__width-initial elementor-widget-mobile__width-initial elementor-view-default elementor-widget elementor-widget-icon\" data-id=\"71912e4\" data-element_type=\"widget\" data-widget_type=\"icon.default\">\n\t\t\t\t<div class=\"elementor-widget-container\">\n\t\t\t\t\t<div class=\"elementor-icon-wrapper\">\n\t\t\t<a class=\"elementor-icon\" href=\"https:\/\/www.linkedin.com\/company\/best-belgrade\/mycompany\/\" target=\"_blank\">\n\t\t\t<i aria-hidden=\"true\" class=\"fab fa-linkedin-in\"><\/i>\t\t\t<\/a>\n\t\t<\/div>\n\t\t\t\t<\/div>\n\t\t\t\t<\/div>\n\t\t\t\t<div class=\"elementor-element elementor-element-a7493be elementor-widget__width-initial elementor-widget-mobile__width-initial elementor-view-default elementor-widget elementor-widget-icon\" data-id=\"a7493be\" data-element_type=\"widget\" data-widget_type=\"icon.default\">\n\t\t\t\t<div class=\"elementor-widget-container\">\n\t\t\t\t\t<div class=\"elementor-icon-wrapper\">\n\t\t\t<a class=\"elementor-icon\" href=\"https:\/\/www.youtube.com\/channel\/UCqT8Cw62CbiS_hJ00t7n9Hw\" target=\"_blank\">\n\t\t\t<i aria-hidden=\"true\" class=\"fab fa-youtube\"><\/i>\t\t\t<\/a>\n\t\t<\/div>\n\t\t\t\t<\/div>\n\t\t\t\t<\/div>\n\t\t\t\t<\/div>\n\t\t\t\t\t<\/div>\n\t\t\t\t<\/div>\n\t\t\t\t\t<\/div>\n\t\t\t\t<\/div>\n\t\t\t\t\t<\/div>\n\t\t\t\t<\/div>\n\t\t\t\t\t<\/div>\n\t\t\t\t<\/div>\n\t\t\t\t<\/div>","protected":false},"excerpt":{"rendered":"<p>SIGN UP SIGN UP IS OVER Privacy Policy &#8211; By agreeing, I consent to the sharing of the provided information between BEST International, LBG Belgrade, and participating companies of BCD<\/p>","protected":false},"author":2,"featured_media":0,"parent":0,"menu_order":0,"comment_status":"closed","ping_status":"closed","template":"","meta":{"footnotes":""},"_links":{"self":[{"href":"https:\/\/leadership.best.rs\/sr\/wp-json\/wp\/v2\/pages\/1292"}],"collection":[{"href":"https:\/\/leadership.best.rs\/sr\/wp-json\/wp\/v2\/pages"}],"about":[{"href":"https:\/\/leadership.best.rs\/sr\/wp-json\/wp\/v2\/types\/page"}],"author":[{"embeddable":true,"href":"https:\/\/leadership.best.rs\/sr\/wp-json\/wp\/v2\/users\/2"}],"replies":[{"embeddable":true,"href":"https:\/\/leadership.best.rs\/sr\/wp-json\/wp\/v2\/comments?post=1292"}],"version-history":[{"count":26,"href":"https:\/\/leadership.best.rs\/sr\/wp-json\/wp\/v2\/pages\/1292\/revisions"}],"predecessor-version":[{"id":1449,"href":"https:\/\/leadership.best.rs\/sr\/wp-json\/wp\/v2\/pages\/1292\/revisions\/1449"}],"wp:attachment":[{"href":"https:\/\/leadership.best.rs\/sr\/wp-json\/wp\/v2\/media?parent=1292"}],"curies":[{"name":"wp","href":"https:\/\/api.w.org\/{rel}","templated":true}]}}